
{"id":1459,"date":"2021-12-02T10:28:58","date_gmt":"2021-12-02T10:28:58","guid":{"rendered":"https:\/\/myplan.fusio.dev\/?page_id=1459"},"modified":"2024-05-15T11:42:46","modified_gmt":"2024-05-15T10:42:46","slug":"inrochtaineacht","status":"publish","type":"page","link":"https:\/\/www.myplan.ie\/ga\/inrochtaineacht\/","title":{"rendered":"Inrochtaineacht"},"content":{"rendered":"\n<style>\ntable > * {\n  font-size: 25.23px;\n  padding: 5px;\n}\nfigcaption, pre {\n  font-size: 20px;\n}\n<\/style>\n\n\n\n<div style=\"text-align: center\"><a href=\"https:\/\/www.housing.gov.ie\"><img decoding=\"async\" src=\"https:\/\/myplan-cdn-prod.s3.eu-west-1.amazonaws.com\/wp-content\/uploads\/2021\/12\/02105152\/dhplg_small-300x100.png\" alt=\"Department of Housing, Local Government and Heritage\"><\/a><\/div>\n\n\n\n<h2 class=\"wp-block-heading has-text-align-left\"><strong>MyPlan.ie Su\u00edomh Gr\u00e9as\u00e1in.<\/strong><\/h2>\n\n\n\n<p>Is \u00ed an Roinn Tith\u00edochta, Rialtais \u00c1iti\u00fail agus Oidhreachta an Roinn Rialtais at\u00e1 freagrach as tith\u00edocht agus uisce, as plean\u00e1il fhisici\u00fail agus sp\u00e1s\u00fail, as rialtas \u00e1iti\u00fail, as r\u00e9amhaisn\u00e9is na haimsire agus as oidhreacht th\u00f3gtha agus n\u00e1d\u00fartha.<\/p>\n\n\n\n<p>T\u00e1 an Roinn tiomanta rochtain a chinnti\u00fa do ch\u00e1ch. M\u00edn\u00edtear sa r\u00e1iteas inrochtaineachta seo an chaoi a nd\u00e9anfaidh an Roinn, mar an Sol\u00e1thra\u00ed Seirbh\u00edse, a d\u00edcheall na riachtanais a chomhl\u00edonadh mar at\u00e1 leagtha amach i dTreoirl\u00ednte Inrochtaineachta \u00c1bhar Gr\u00e9as\u00e1in Leagan 2.1 ag Leibh\u00e9al AA mar at\u00e1 sainithe ag an Tionscnamh Inrochtaineachta Gr\u00e9as\u00e1in.<\/p>\n\n\n\n<h3 class=\"wp-block-heading\"><strong><strong>\u00c1r dtiomantas agus \u00e1r gcur chuige maidir le l\u00e1ithre\u00e1n gr\u00e9as\u00e1in inrochtana a chothabh\u00e1il<\/strong><\/strong><\/h3>\n\n\n\n<p>T\u00e1 an Roinn tiomanta do:<\/p>\n\n\n\n<ol class=\"wp-block-list\">\n<li>l\u00e1ithre\u00e1n gr\u00e9as\u00e1in inrochtana a chothabh\u00e1il de r\u00e9ir\u00a0<a href=\"http:\/\/www.irishstatutebook.ie\/eli\/2020\/si\/358\/made\/en\/print\">I.R. 258\/2020.<\/a><\/li>\n\n\n\n<li>a chinnti\u00fa go mbaineann an l\u00e1ithre\u00e1n gr\u00e9as\u00e1in seo comhr\u00e9ireacht \u201cLeibh\u00e9al AA\u201d amach le Treoirl\u00ednte Inrochtaineachta \u00c1bhar Gr\u00e9as\u00e1in (WCAG) 2.1, chun C\u00f3d Cleachtais an \u00dadar\u00e1is N\u00e1isi\u00fanta M\u00edchumais ar Inrochtaineacht Seirbh\u00eds\u00ed Poibl\u00ed agus Faisn\u00e9is arna sol\u00e1thar ag Comhlachta\u00ed Poibl\u00ed a chomhl\u00edonadh. (T\u00e1 r\u00e9amhr\u00e1 ag Ionad Bairr Feabhais i nDearadh Uil\u00edoch an \u00dadar\u00e1is N\u00e1isi\u00fanta M\u00edchumais maidir le beartas agus reachta\u00edocht a bhaineann le Dearadh Uil\u00edoch in \u00c9irinn.)<\/li>\n\n\n\n<li>a chinnti\u00fa go mbainfidh gach faisn\u00e9is nua ar an l\u00e1ithre\u00e1n gr\u00e9as\u00e1in comhr\u00e9ireacht \u201cLeibh\u00e9al AA\u201d amach le Treoirl\u00ednte Inrochtaineachta \u00c1bhar Gr\u00e9as\u00e1in (WCAG) 2.1.<\/li>\n\n\n\n<li>lena n-\u00e1ir\u00edtear inrochtaineacht nuair a fhaighimid c\u00f3rais 3\u00fa p\u00e1irt\u00ed n\u00f3 uasghr\u00e1d\u00fa ar ch\u00f3rais at\u00e1 ann cheana.<\/li>\n<\/ol>\n\n\n\n<p><\/p>\n\n\n\n<h3 class=\"wp-block-heading\"><strong><strong>An chaoi a nd\u00e9anaimid t\u00e1st\u00e1il ar chomhr\u00e9ireacht le treoirl\u00ednte oifigi\u00fala inrochtaineachta<\/strong><\/strong><\/h3>\n\n\n\n<p>\u00das\u00e1ideann an Roinn raon teicn\u00edc\u00ed chun rochtain a shol\u00e1thar do ch\u00e1ch. Ina measc t\u00e1:<\/p>\n\n\n\n<figure class=\"wp-block-table\"><table><thead><tr><th><strong><strong>Cur chuige<\/strong><\/strong><\/th><th><strong><strong>R\u00e9as\u00fana\u00edocht<\/strong><\/strong><\/th><\/tr><\/thead><tbody><tr><td>Scanadh Uathoibrithe<\/td><td>Sol\u00e1thra\u00edonn scanadh uathoibrithe forbhreathn\u00fa tapa (ach n\u00ed ioml\u00e1n) ar shaincheisteanna a d\u2019fh\u00e9adfadh daoine teacht orthu<\/td><\/tr><tr><td>Treoir<\/td><td>Treoir a shol\u00e1thar d\u2019eagarth\u00f3ir\u00ed \u00e1bhair mar Th\u00e9acs Malartach a \u00fas\u00e1id<\/td><\/tr><tr><td>Athbhreithni\u00fa L\u00e1imhe<\/td><td>Athbhreithni\u00fa l\u00e1imhe a dh\u00e9anamh go rialta ar gach l\u00e1ithre\u00e1n agus an l\u00e1ithre\u00e1n a choigeart\u00fa chun inrochtaineacht a fheabhs\u00fa<\/td><\/tr><\/tbody><\/table><figcaption class=\"wp-element-caption\"> T\u00e1st\u00e1il Inrochtaineachta<\/figcaption><\/figure>\n\n\n\n<p><\/p>\n\n\n\n<h3 class=\"wp-block-heading\"><strong>Comhl\u00edonann an l\u00e1ithre\u00e1in ghr\u00e9as\u00e1in seo le treoirl\u00ednte inrochtaineachta oifigi\u00fala<\/strong><\/h3>\n\n\n\n<p>T\u00e1 an l\u00e1ithre\u00e1n gr\u00e9as\u00e1in i gcomhr\u00e9ir go p\u00e1irteach leis na Treoirl\u00ednte Inrochtaineachta \u00c1bhar Gr\u00e9as\u00e1in (WCAG) 2.1. Rinneadh an t-ini\u00fachadh is d\u00e9ana\u00ed ar inrochtaineacht gr\u00e9as\u00e1in don l\u00e1ithre\u00e1n gr\u00e9as\u00e1in seo an 02\/12\/2021.<\/p>\n\n\n\n<h3 class=\"wp-block-heading\"><strong>R\u00e9ims\u00ed le feabhs\u00fa agus aml\u00ednte<\/strong><\/h3>\n\n\n\n<p>T\u00e1imid ar an eolas faoi roinnt r\u00e9ims\u00ed ar an l\u00e1ithre\u00e1n gr\u00e9as\u00e1in ina bhf\u00e9adfaimis inrochtaineacht a fheabhs\u00fa. T\u00e1imid ag obair faoi l\u00e1thair chun \u00e9 sin a bhaint amach. T\u00e1 s\u00fail againn go mbainfidh an l\u00e1ithre\u00e1n gr\u00e9as\u00e1in seo comhr\u00e9ireacht \u201cLeibh\u00e9al AA\u201d amach le Treoirl\u00ednte Inrochtaineachta \u00c1bhar Gr\u00e9as\u00e1in (WCAG) 2.1 faoi Nollaig 2021.<\/p>\n\n\n\n<figure class=\"wp-block-table\"><table><thead><tr><th><strong><strong>Cuid den l\u00e1ithre\u00e1n gr\u00e9as\u00e1in<\/strong><\/strong><\/th><th><strong><strong>G\u00e1 le feabhs\u00fa<\/strong><\/strong><\/th><th><strong><strong>Aml\u00edne le haghaidh feabhs\u00fach\u00e1in<\/strong><\/strong><\/th><th><strong><strong>Rochtain mhalartach<\/strong><\/strong><\/th><\/tr><\/thead><tbody><tr><td><strong><strong>Cnaip\u00ed Inathraitheacha Fian\u00e1n<\/strong><\/strong><\/td><td>T\u00e9acs iarraidh<\/td><td>Tuairisc\u00edodh an tsaincheist seo d\u00e1r gconraitheoir lena ceart\u00fa sa ch\u00e9ad eisi\u00faint eile<\/td><td>M\u00e1 bh\u00edonn fadhbanna agat codanna \u00e1irithe den l\u00e1ithre\u00e1n seo a \u00fas\u00e1id, glaoigh orainn ag +353 (0) 1 888 2000<\/td><\/tr><\/tbody><\/table><figcaption class=\"wp-element-caption\"> R\u00e9ims\u00ed le feabhs\u00fa, aml\u00ednte le feabhs\u00fa, agus roghanna eile <\/figcaption><\/figure>\n\n\n\n<p><\/p>\n\n\n\n<h3 class=\"wp-block-heading\"><strong><strong>Conas aiseolas a sheoladh ar inrochtaineacht an l\u00e1ithre\u00e1in ghr\u00e9as\u00e1in seo<\/strong>y<\/strong><\/h3>\n\n\n\n<p>We welcome feedback on the accessibility of this website.<\/p>\n\n\n\n<ol class=\"wp-block-list\">\n<li>Seol r\u00edomhphost chugainn ag <a href=\"mailto:myplan@housing.gov.ie\">myplan@housing.gov.ie<\/a><\/li>\n\n\n\n<li>Seol r\u00edomhphost chugainn ag +353 (0) 1 888 2000.<\/li>\n\n\n\n<li>Scr\u00edobh chugainn ag:<\/li>\n<\/ol>\n\n\n\n<pre class=\"wp-block-preformatted\">Department of Housing, Planning and Local Government,\nMyPlan.ie,\nCustom House,\nDublin 1,\nD01 W6X0<\/pre>\n\n\n\n<p><\/p>\n\n\n\n<h3 class=\"wp-block-heading\"><strong><strong>Gn\u00e9ithe inrochtaineachta an l\u00e1ithre\u00e1in ghr\u00e9as\u00e1in seo<\/strong><\/strong><\/h3>\n\n\n\n<p>\u00das\u00e1idtear l\u00edon m\u00f3r teicn\u00edc\u00ed chun go mbeidh an l\u00e1ithre\u00e1n inrochtana do ch\u00e1ch. T\u00e1 an pr\u00f3iseas ag dul ar aghaidh de r\u00e9ir mar a athra\u00edonn \u00e1bhar agus strucht\u00far an l\u00e1ithre\u00e1in. I measc cuid de na gn\u00e9ithe inrochtana ar an l\u00e1ithre\u00e1n seo t\u00e1 (ach gan a bheith teoranta d\u00f3ibh) an m\u00e9id seo a leanas:<\/p>\n\n\n\n<figure class=\"wp-block-table\"><table><thead><tr><th><strong><strong>Gn\u00e9<\/strong><\/strong><\/th><th><strong><strong>Cusp\u00f3ir<\/strong><\/strong><\/th><\/tr><\/thead><tbody><tr><td>T\u00e9acs Alt<\/td><td>T\u00e1 t\u00e9acs Alt oiri\u00fanach ag gach \u00edomh\u00e1 m\u00e1s iomchu\u00ed chun gn\u00e9 thuairisci\u00fail a shol\u00e1thar don \u00edomh\u00e1 a l\u00e9ir\u00edtear<\/td><\/tr><tr><td>Ordlathas Ceannteideal Iml\u00edne<\/td><td>Cuirtear ciall loighci\u00fail i bhfeidhm maidir le ceannteidil H1, H2, H3<\/td><\/tr><tr><td>Naisc Tuairisci\u00fala<\/td><td>T\u00e1 eilimint\u00ed tuairisci\u00fala n\u00f3 lip\u00e9id Aria ag Naisc agus Cnaip\u00ed nuair nach f\u00e9idir na heilimint\u00ed sin a shol\u00e1thar<\/td><\/tr><tr><td>Codarsnacht<\/td><td>\u00cdosmh\u00e9id r\u00e9as\u00fanta i ndifr\u00edocht maidir le codarsnacht idir eilimint\u00ed tulra agus eilimint\u00ed c\u00falra<\/td><\/tr><tr><td>Inseoltacht<\/td><td>Strucht\u00far loighci\u00fail a chuirtear i bhfeidhm ar an l\u00e1ithre\u00e1n gr\u00e9as\u00e1in chun a chinnti\u00fa gur f\u00e9idir an l\u00e1ithre\u00e1n a \u00fas\u00e1id gan luch<\/td><\/tr><tr><td>Sainchomhartha\u00ed ARIA<\/td><td>Cuireadh \u00e9ags\u00falacht mh\u00f3r sainchomhartha\u00ed i bhfeidhm chun cabhr\u00fa le hinrochtaineacht<\/td><\/tr><\/tbody><\/table><figcaption class=\"wp-element-caption\"> Gn\u00e9ithe inrochtaineachta<\/figcaption><\/figure>\n\n\n\n<p>N\u00ed liosta uileghabh\u00e1lach \u00e9 an liosta seo.<\/p>\n","protected":false},"excerpt":{"rendered":"<p>MyPlan.ie Su\u00edomh Gr\u00e9as\u00e1in. Is \u00ed an Roinn Tith\u00edochta, Rialtais \u00c1iti\u00fail agus Oidhreachta an Roinn Rialtais at\u00e1 freagrach as tith\u00edocht agus uisce, as plean\u00e1il fhisici\u00fail agus sp\u00e1s\u00fail, as rialtas \u00e1iti\u00fail, as r\u00e9amhaisn\u00e9is na haimsire agus as oidhreacht th\u00f3gtha agus n\u00e1d\u00fartha. T\u00e1 an Roinn tiomanta rochtain a chinnti\u00fa do ch\u00e1ch. M\u00edn\u00edtear sa r\u00e1iteas inrochtaineachta seo an chaoi [&hellip;]<\/p>\n","protected":false},"author":4,"featured_media":0,"parent":0,"menu_order":0,"comment_status":"closed","ping_status":"closed","template":"","meta":{"_acf_changed":false,"footnotes":""},"class_list":["post-1459","page","type-page","status-publish","hentry"],"acf":[],"yoast_head":"<!-- This site is optimized with the Yoast SEO plugin v27.3 - https:\/\/yoast.com\/product\/yoast-seo-wordpress\/ -->\n<title>Inrochtaineacht - My Plan<\/title>\n<meta name=\"robots\" content=\"index, follow, max-snippet:-1, max-image-preview:large, max-video-preview:-1\" \/>\n<link rel=\"canonical\" href=\"https:\/\/www.myplan.ie\/ga\/inrochtaineacht\/\" \/>\n<meta name=\"twitter:label1\" content=\"Est. reading time\" \/>\n\t<meta name=\"twitter:data1\" content=\"4 minutes\" \/>\n<script type=\"application\/ld+json\" class=\"yoast-schema-graph\">{\"@context\":\"https:\\\/\\\/schema.org\",\"@graph\":[{\"@type\":\"WebPage\",\"@id\":\"https:\\\/\\\/www.myplan.ie\\\/ga\\\/inrochtaineacht\\\/\",\"url\":\"https:\\\/\\\/www.myplan.ie\\\/ga\\\/inrochtaineacht\\\/\",\"name\":\"Inrochtaineacht - My Plan\",\"isPartOf\":{\"@id\":\"https:\\\/\\\/www.myplan.ie\\\/#website\"},\"primaryImageOfPage\":{\"@id\":\"https:\\\/\\\/www.myplan.ie\\\/ga\\\/inrochtaineacht\\\/#primaryimage\"},\"image\":{\"@id\":\"https:\\\/\\\/www.myplan.ie\\\/ga\\\/inrochtaineacht\\\/#primaryimage\"},\"thumbnailUrl\":\"https:\\\/\\\/www.myplan.ie\\\/wp-content\\\/uploads\\\/2021\\\/12\\\/dhplg_small-300x100.png\",\"datePublished\":\"2021-12-02T10:28:58+00:00\",\"dateModified\":\"2024-05-15T10:42:46+00:00\",\"breadcrumb\":{\"@id\":\"https:\\\/\\\/www.myplan.ie\\\/ga\\\/inrochtaineacht\\\/#breadcrumb\"},\"inLanguage\":\"ga-IE\",\"potentialAction\":[{\"@type\":\"ReadAction\",\"target\":[\"https:\\\/\\\/www.myplan.ie\\\/ga\\\/inrochtaineacht\\\/\"]}]},{\"@type\":\"ImageObject\",\"inLanguage\":\"ga-IE\",\"@id\":\"https:\\\/\\\/www.myplan.ie\\\/ga\\\/inrochtaineacht\\\/#primaryimage\",\"url\":\"https:\\\/\\\/www.myplan.ie\\\/wp-content\\\/uploads\\\/2021\\\/12\\\/dhplg_small-300x100.png\",\"contentUrl\":\"https:\\\/\\\/www.myplan.ie\\\/wp-content\\\/uploads\\\/2021\\\/12\\\/dhplg_small-300x100.png\"},{\"@type\":\"BreadcrumbList\",\"@id\":\"https:\\\/\\\/www.myplan.ie\\\/ga\\\/inrochtaineacht\\\/#breadcrumb\",\"itemListElement\":[{\"@type\":\"ListItem\",\"position\":1,\"name\":\"Home\",\"item\":\"https:\\\/\\\/www.myplan.ie\\\/ga\\\/\"},{\"@type\":\"ListItem\",\"position\":2,\"name\":\"Inrochtaineacht\"}]},{\"@type\":\"WebSite\",\"@id\":\"https:\\\/\\\/www.myplan.ie\\\/#website\",\"url\":\"https:\\\/\\\/www.myplan.ie\\\/\",\"name\":\"My Plan\",\"description\":\"\",\"publisher\":{\"@id\":\"https:\\\/\\\/www.myplan.ie\\\/#organization\"},\"potentialAction\":[{\"@type\":\"SearchAction\",\"target\":{\"@type\":\"EntryPoint\",\"urlTemplate\":\"https:\\\/\\\/www.myplan.ie\\\/?s={search_term_string}\"},\"query-input\":{\"@type\":\"PropertyValueSpecification\",\"valueRequired\":true,\"valueName\":\"search_term_string\"}}],\"inLanguage\":\"ga-IE\"},{\"@type\":\"Organization\",\"@id\":\"https:\\\/\\\/www.myplan.ie\\\/#organization\",\"name\":\"My Plan\",\"url\":\"https:\\\/\\\/www.myplan.ie\\\/\",\"logo\":{\"@type\":\"ImageObject\",\"inLanguage\":\"ga-IE\",\"@id\":\"https:\\\/\\\/www.myplan.ie\\\/#\\\/schema\\\/logo\\\/image\\\/\",\"url\":\"https:\\\/\\\/myplan-cdn-prod.s3.eu-west-1.amazonaws.com\\\/wp-content\\\/uploads\\\/2024\\\/12\\\/08154833\\\/cropped-Myplan-Logo-black-text-2.png\",\"contentUrl\":\"https:\\\/\\\/myplan-cdn-prod.s3.eu-west-1.amazonaws.com\\\/wp-content\\\/uploads\\\/2024\\\/12\\\/08154833\\\/cropped-Myplan-Logo-black-text-2.png\",\"width\":948,\"height\":337,\"caption\":\"My Plan\"},\"image\":{\"@id\":\"https:\\\/\\\/www.myplan.ie\\\/#\\\/schema\\\/logo\\\/image\\\/\"}}]}<\/script>\n<!-- \/ Yoast SEO plugin. -->","yoast_head_json":{"title":"Inrochtaineacht - My Plan","robots":{"index":"index","follow":"follow","max-snippet":"max-snippet:-1","max-image-preview":"max-image-preview:large","max-video-preview":"max-video-preview:-1"},"canonical":"https:\/\/www.myplan.ie\/ga\/inrochtaineacht\/","twitter_misc":{"Est. reading time":"4 minutes"},"schema":{"@context":"https:\/\/schema.org","@graph":[{"@type":"WebPage","@id":"https:\/\/www.myplan.ie\/ga\/inrochtaineacht\/","url":"https:\/\/www.myplan.ie\/ga\/inrochtaineacht\/","name":"Inrochtaineacht - My Plan","isPartOf":{"@id":"https:\/\/www.myplan.ie\/#website"},"primaryImageOfPage":{"@id":"https:\/\/www.myplan.ie\/ga\/inrochtaineacht\/#primaryimage"},"image":{"@id":"https:\/\/www.myplan.ie\/ga\/inrochtaineacht\/#primaryimage"},"thumbnailUrl":"https:\/\/www.myplan.ie\/wp-content\/uploads\/2021\/12\/dhplg_small-300x100.png","datePublished":"2021-12-02T10:28:58+00:00","dateModified":"2024-05-15T10:42:46+00:00","breadcrumb":{"@id":"https:\/\/www.myplan.ie\/ga\/inrochtaineacht\/#breadcrumb"},"inLanguage":"ga-IE","potentialAction":[{"@type":"ReadAction","target":["https:\/\/www.myplan.ie\/ga\/inrochtaineacht\/"]}]},{"@type":"ImageObject","inLanguage":"ga-IE","@id":"https:\/\/www.myplan.ie\/ga\/inrochtaineacht\/#primaryimage","url":"https:\/\/www.myplan.ie\/wp-content\/uploads\/2021\/12\/dhplg_small-300x100.png","contentUrl":"https:\/\/www.myplan.ie\/wp-content\/uploads\/2021\/12\/dhplg_small-300x100.png"},{"@type":"BreadcrumbList","@id":"https:\/\/www.myplan.ie\/ga\/inrochtaineacht\/#breadcrumb","itemListElement":[{"@type":"ListItem","position":1,"name":"Home","item":"https:\/\/www.myplan.ie\/ga\/"},{"@type":"ListItem","position":2,"name":"Inrochtaineacht"}]},{"@type":"WebSite","@id":"https:\/\/www.myplan.ie\/#website","url":"https:\/\/www.myplan.ie\/","name":"My Plan","description":"","publisher":{"@id":"https:\/\/www.myplan.ie\/#organization"},"potentialAction":[{"@type":"SearchAction","target":{"@type":"EntryPoint","urlTemplate":"https:\/\/www.myplan.ie\/?s={search_term_string}"},"query-input":{"@type":"PropertyValueSpecification","valueRequired":true,"valueName":"search_term_string"}}],"inLanguage":"ga-IE"},{"@type":"Organization","@id":"https:\/\/www.myplan.ie\/#organization","name":"My Plan","url":"https:\/\/www.myplan.ie\/","logo":{"@type":"ImageObject","inLanguage":"ga-IE","@id":"https:\/\/www.myplan.ie\/#\/schema\/logo\/image\/","url":"https:\/\/myplan-cdn-prod.s3.eu-west-1.amazonaws.com\/wp-content\/uploads\/2024\/12\/08154833\/cropped-Myplan-Logo-black-text-2.png","contentUrl":"https:\/\/myplan-cdn-prod.s3.eu-west-1.amazonaws.com\/wp-content\/uploads\/2024\/12\/08154833\/cropped-Myplan-Logo-black-text-2.png","width":948,"height":337,"caption":"My Plan"},"image":{"@id":"https:\/\/www.myplan.ie\/#\/schema\/logo\/image\/"}}]}},"_links":{"self":[{"href":"https:\/\/www.myplan.ie\/ga\/wp-json\/wp\/v2\/pages\/1459","targetHints":{"allow":["GET"]}}],"collection":[{"href":"https:\/\/www.myplan.ie\/ga\/wp-json\/wp\/v2\/pages"}],"about":[{"href":"https:\/\/www.myplan.ie\/ga\/wp-json\/wp\/v2\/types\/page"}],"author":[{"embeddable":true,"href":"https:\/\/www.myplan.ie\/ga\/wp-json\/wp\/v2\/users\/4"}],"replies":[{"embeddable":true,"href":"https:\/\/www.myplan.ie\/ga\/wp-json\/wp\/v2\/comments?post=1459"}],"version-history":[{"count":9,"href":"https:\/\/www.myplan.ie\/ga\/wp-json\/wp\/v2\/pages\/1459\/revisions"}],"predecessor-version":[{"id":1979,"href":"https:\/\/www.myplan.ie\/ga\/wp-json\/wp\/v2\/pages\/1459\/revisions\/1979"}],"wp:attachment":[{"href":"https:\/\/www.myplan.ie\/ga\/wp-json\/wp\/v2\/media?parent=1459"}],"curies":[{"name":"wp","href":"https:\/\/api.w.org\/{rel}","templated":true}]}}