
{"id":561,"date":"2019-01-04T09:39:24","date_gmt":"2019-01-04T09:39:24","guid":{"rendered":"https:\/\/myplan.fusio.dev\/national-planning-application-map-viewer\/"},"modified":"2023-05-31T14:40:55","modified_gmt":"2023-05-31T13:40:55","slug":"learscail-um-iarratais-pleanala-naisiunta","status":"publish","type":"page","link":"https:\/\/www.myplan.ie\/ga\/learscail-um-iarratais-pleanala-naisiunta\/","title":{"rendered":"L\u00e9arsc\u00e1il um Iarratais Plean\u00e1la N\u00e1isi\u00fanta"},"content":{"rendered":"\n<p>\u00c1ir\u00edtear leis an L\u00e9arsc\u00e1il um Iarratais Plean\u00e1la N\u00e1isi\u00fanta sonra\u00ed faoi iarratais plean\u00e1la uile a fuarthas le deich mbliana anuas.<\/p>\n","protected":false},"excerpt":{"rendered":"<p>\u00c1ir\u00edtear leis an L\u00e9arsc\u00e1il um Iarratais Plean\u00e1la N\u00e1isi\u00fanta sonra\u00ed faoi iarratais plean\u00e1la uile a fuarthas le deich mbliana anuas.<\/p>\n","protected":false},"author":7,"featured_media":0,"parent":0,"menu_order":0,"comment_status":"closed","ping_status":"closed","template":"template-parts\/map-template.php","meta":{"_acf_changed":false,"footnotes":""},"class_list":["post-561","page","type-page","status-publish","hentry"],"acf":[],"yoast_head":"<!-- This site is optimized with the Yoast SEO plugin v27.3 - https:\/\/yoast.com\/product\/yoast-seo-wordpress\/ -->\n<title>L\u00e9arsc\u00e1il um Iarratais Plean\u00e1la N\u00e1isi\u00fanta - My Plan<\/title>\n<meta name=\"robots\" content=\"index, follow, max-snippet:-1, max-image-preview:large, max-video-preview:-1\" \/>\n<link rel=\"canonical\" href=\"https:\/\/www.myplan.ie\/ga\/learscail-um-iarratais-pleanala-naisiunta\/\" \/>\n<meta name=\"twitter:label1\" content=\"Est. reading time\" \/>\n\t<meta name=\"twitter:data1\" content=\"1 minute\" \/>\n<script type=\"application\/ld+json\" class=\"yoast-schema-graph\">{\"@context\":\"https:\\\/\\\/schema.org\",\"@graph\":[{\"@type\":\"WebPage\",\"@id\":\"https:\\\/\\\/www.myplan.ie\\\/ga\\\/learscail-um-iarratais-pleanala-naisiunta\\\/\",\"url\":\"https:\\\/\\\/www.myplan.ie\\\/ga\\\/learscail-um-iarratais-pleanala-naisiunta\\\/\",\"name\":\"L\u00e9arsc\u00e1il um Iarratais Plean\u00e1la N\u00e1isi\u00fanta - My Plan\",\"isPartOf\":{\"@id\":\"https:\\\/\\\/www.myplan.ie\\\/#website\"},\"datePublished\":\"2019-01-04T09:39:24+00:00\",\"dateModified\":\"2023-05-31T13:40:55+00:00\",\"breadcrumb\":{\"@id\":\"https:\\\/\\\/www.myplan.ie\\\/ga\\\/learscail-um-iarratais-pleanala-naisiunta\\\/#breadcrumb\"},\"inLanguage\":\"ga-IE\",\"potentialAction\":[{\"@type\":\"ReadAction\",\"target\":[\"https:\\\/\\\/www.myplan.ie\\\/ga\\\/learscail-um-iarratais-pleanala-naisiunta\\\/\"]}]},{\"@type\":\"BreadcrumbList\",\"@id\":\"https:\\\/\\\/www.myplan.ie\\\/ga\\\/learscail-um-iarratais-pleanala-naisiunta\\\/#breadcrumb\",\"itemListElement\":[{\"@type\":\"ListItem\",\"position\":1,\"name\":\"Home\",\"item\":\"https:\\\/\\\/www.myplan.ie\\\/ga\\\/\"},{\"@type\":\"ListItem\",\"position\":2,\"name\":\"L\u00e9arsc\u00e1il um Iarratais Plean\u00e1la N\u00e1isi\u00fanta\"}]},{\"@type\":\"WebSite\",\"@id\":\"https:\\\/\\\/www.myplan.ie\\\/#website\",\"url\":\"https:\\\/\\\/www.myplan.ie\\\/\",\"name\":\"My Plan\",\"description\":\"\",\"publisher\":{\"@id\":\"https:\\\/\\\/www.myplan.ie\\\/#organization\"},\"potentialAction\":[{\"@type\":\"SearchAction\",\"target\":{\"@type\":\"EntryPoint\",\"urlTemplate\":\"https:\\\/\\\/www.myplan.ie\\\/?s={search_term_string}\"},\"query-input\":{\"@type\":\"PropertyValueSpecification\",\"valueRequired\":true,\"valueName\":\"search_term_string\"}}],\"inLanguage\":\"ga-IE\"},{\"@type\":\"Organization\",\"@id\":\"https:\\\/\\\/www.myplan.ie\\\/#organization\",\"name\":\"My Plan\",\"url\":\"https:\\\/\\\/www.myplan.ie\\\/\",\"logo\":{\"@type\":\"ImageObject\",\"inLanguage\":\"ga-IE\",\"@id\":\"https:\\\/\\\/www.myplan.ie\\\/#\\\/schema\\\/logo\\\/image\\\/\",\"url\":\"https:\\\/\\\/myplan-cdn-prod.s3.eu-west-1.amazonaws.com\\\/wp-content\\\/uploads\\\/2024\\\/12\\\/08154833\\\/cropped-Myplan-Logo-black-text-2.png\",\"contentUrl\":\"https:\\\/\\\/myplan-cdn-prod.s3.eu-west-1.amazonaws.com\\\/wp-content\\\/uploads\\\/2024\\\/12\\\/08154833\\\/cropped-Myplan-Logo-black-text-2.png\",\"width\":948,\"height\":337,\"caption\":\"My Plan\"},\"image\":{\"@id\":\"https:\\\/\\\/www.myplan.ie\\\/#\\\/schema\\\/logo\\\/image\\\/\"}}]}<\/script>\n<!-- \/ Yoast SEO plugin. -->","yoast_head_json":{"title":"L\u00e9arsc\u00e1il um Iarratais Plean\u00e1la N\u00e1isi\u00fanta - My Plan","robots":{"index":"index","follow":"follow","max-snippet":"max-snippet:-1","max-image-preview":"max-image-preview:large","max-video-preview":"max-video-preview:-1"},"canonical":"https:\/\/www.myplan.ie\/ga\/learscail-um-iarratais-pleanala-naisiunta\/","twitter_misc":{"Est. reading time":"1 minute"},"schema":{"@context":"https:\/\/schema.org","@graph":[{"@type":"WebPage","@id":"https:\/\/www.myplan.ie\/ga\/learscail-um-iarratais-pleanala-naisiunta\/","url":"https:\/\/www.myplan.ie\/ga\/learscail-um-iarratais-pleanala-naisiunta\/","name":"L\u00e9arsc\u00e1il um Iarratais Plean\u00e1la N\u00e1isi\u00fanta - My Plan","isPartOf":{"@id":"https:\/\/www.myplan.ie\/#website"},"datePublished":"2019-01-04T09:39:24+00:00","dateModified":"2023-05-31T13:40:55+00:00","breadcrumb":{"@id":"https:\/\/www.myplan.ie\/ga\/learscail-um-iarratais-pleanala-naisiunta\/#breadcrumb"},"inLanguage":"ga-IE","potentialAction":[{"@type":"ReadAction","target":["https:\/\/www.myplan.ie\/ga\/learscail-um-iarratais-pleanala-naisiunta\/"]}]},{"@type":"BreadcrumbList","@id":"https:\/\/www.myplan.ie\/ga\/learscail-um-iarratais-pleanala-naisiunta\/#breadcrumb","itemListElement":[{"@type":"ListItem","position":1,"name":"Home","item":"https:\/\/www.myplan.ie\/ga\/"},{"@type":"ListItem","position":2,"name":"L\u00e9arsc\u00e1il um Iarratais Plean\u00e1la N\u00e1isi\u00fanta"}]},{"@type":"WebSite","@id":"https:\/\/www.myplan.ie\/#website","url":"https:\/\/www.myplan.ie\/","name":"My Plan","description":"","publisher":{"@id":"https:\/\/www.myplan.ie\/#organization"},"potentialAction":[{"@type":"SearchAction","target":{"@type":"EntryPoint","urlTemplate":"https:\/\/www.myplan.ie\/?s={search_term_string}"},"query-input":{"@type":"PropertyValueSpecification","valueRequired":true,"valueName":"search_term_string"}}],"inLanguage":"ga-IE"},{"@type":"Organization","@id":"https:\/\/www.myplan.ie\/#organization","name":"My Plan","url":"https:\/\/www.myplan.ie\/","logo":{"@type":"ImageObject","inLanguage":"ga-IE","@id":"https:\/\/www.myplan.ie\/#\/schema\/logo\/image\/","url":"https:\/\/myplan-cdn-prod.s3.eu-west-1.amazonaws.com\/wp-content\/uploads\/2024\/12\/08154833\/cropped-Myplan-Logo-black-text-2.png","contentUrl":"https:\/\/myplan-cdn-prod.s3.eu-west-1.amazonaws.com\/wp-content\/uploads\/2024\/12\/08154833\/cropped-Myplan-Logo-black-text-2.png","width":948,"height":337,"caption":"My Plan"},"image":{"@id":"https:\/\/www.myplan.ie\/#\/schema\/logo\/image\/"}}]}},"_links":{"self":[{"href":"https:\/\/www.myplan.ie\/ga\/wp-json\/wp\/v2\/pages\/561","targetHints":{"allow":["GET"]}}],"collection":[{"href":"https:\/\/www.myplan.ie\/ga\/wp-json\/wp\/v2\/pages"}],"about":[{"href":"https:\/\/www.myplan.ie\/ga\/wp-json\/wp\/v2\/types\/page"}],"author":[{"embeddable":true,"href":"https:\/\/www.myplan.ie\/ga\/wp-json\/wp\/v2\/users\/7"}],"replies":[{"embeddable":true,"href":"https:\/\/www.myplan.ie\/ga\/wp-json\/wp\/v2\/comments?post=561"}],"version-history":[{"count":1,"href":"https:\/\/www.myplan.ie\/ga\/wp-json\/wp\/v2\/pages\/561\/revisions"}],"predecessor-version":[{"id":1544,"href":"https:\/\/www.myplan.ie\/ga\/wp-json\/wp\/v2\/pages\/561\/revisions\/1544"}],"wp:attachment":[{"href":"https:\/\/www.myplan.ie\/ga\/wp-json\/wp\/v2\/media?parent=561"}],"curies":[{"name":"wp","href":"https:\/\/api.w.org\/{rel}","templated":true}]}}